{"id":1236,"date":"2016-08-15T16:55:38","date_gmt":"2016-08-15T15:55:38","guid":{"rendered":"http:\/\/www.caprioli.info\/portal\/?page_id=1236"},"modified":"2016-10-22T19:54:24","modified_gmt":"2016-10-22T18:54:24","slug":"microsoft-jet-database-engine-error-80004005","status":"publish","type":"page","link":"https:\/\/www.caprioli.info\/portal\/?page_id=1236","title":{"rendered":"Microsoft JET Database Engine error &#8216;80004005&#8217;"},"content":{"rendered":"<p><a href=\"http:\/\/www.caprioli.info\/portal\/?page_id=1192\">TORNA INDIETRO<\/a><\/p>\n<p style=\"text-align: center;\">TESTO TRADOTTO<\/p>\n<p style=\"text-align: left;\">Nota: i database Microsoft Access sono stati popolari per molti anni con gli sviluppatori che utilizzano Active Server per applicazioni su piccola scala Pages (ASP), ma database di Microsoft Access non sono progettati per la scalabilit\u00e0, quindi database di Access deve essere utilizzato solo in cui le prestazioni non \u00e8 un fattore, ed \u00e8 meglio non ospitare applicazioni basate sui dati su larga scala con database di Microsoft Access.<\/p>\n<p style=\"text-align: left;\"><a href=\"http:\/\/www.caprioli.info\/portal\/wp-content\/uploads\/2016\/08\/Immagine.jpg\"><img decoding=\"async\" loading=\"lazy\" class=\"aligncenter size-medium wp-image-1296\" src=\"http:\/\/www.caprioli.info\/portal\/wp-content\/uploads\/2016\/08\/Immagine-300x231.jpg\" alt=\"immagine\" width=\"300\" height=\"231\" srcset=\"https:\/\/www.caprioli.info\/portal\/wp-content\/uploads\/2016\/08\/Immagine-300x231.jpg 300w, https:\/\/www.caprioli.info\/portal\/wp-content\/uploads\/2016\/08\/Immagine-768x590.jpg 768w, https:\/\/www.caprioli.info\/portal\/wp-content\/uploads\/2016\/08\/Immagine-800x615.jpg 800w, https:\/\/www.caprioli.info\/portal\/wp-content\/uploads\/2016\/08\/Immagine.jpg 1280w\" sizes=\"(max-width: 300px) 100vw, 300px\" \/><\/a><\/p>\n<p style=\"text-align: left;\">In IIS 7.0 , IIS 7.5 e, soprattutto, diverse modifiche di sicurezza sono state fatte che possono influenzare il modo classico applicazioni ASP funzioneranno. Ad esempio, se si dovesse copiare un&#8217;applicazione Classic ASP che utilizza un database di Access che si trova all&#8217;interno dell&#8217;area di contenuto del sito Web a un server che utilizza IIS 7.0 o superiore, \u00e8 possibile che venga visualizzato il seguente messaggio di errore:<\/p>\n<p>[code]<br \/>\nMicrosoft JET Database Engine error &#8216;80004005&#8217;<\/p>\n<p>Unspecified error.<\/p>\n<p>\/example.asp, line 100<br \/>\n[\/code]<\/p>\n<p>Questo \u00e8 un errore generico innescata dal driver di accesso che pu\u00f2 verificarsi per una serie di ragioni, ma autorizzazioni non corrette \u00e8 una causa comune. Pi\u00f9 in particolare, la capacit\u00e0 di lavorare con i database Microsoft Access \u00e8 attuato attraverso il Microsoft Jet Database Engine, che crea vari file temporanei e di blocco quando si connette a un database di Access. Le sezioni seguenti discuteranno alcuni dei motivi per cui questo pu\u00f2 accadere e come risolvere quelle situazioni.<\/p>\n<p>Lavorare con i sistemi a 64 bit<\/p>\n<p>Purtroppo non ci sono driver ODBC a 64 bit, quindi su sistemi a 64 bit sar\u00e0 necessario eseguire le applicazioni in modalit\u00e0 a 32 bit. Per fare ci\u00f2, attenersi alla seguente procedura:<\/p>\n<ol>\n<li>Sulla barra delle applicazioni, fare clic su Start, scegliere Strumenti di amministrazione e quindi fare clic su Internet Information Services (IIS).<\/li>\n<li>Nel riquadro Connessioni, fare clic su Pool di applicazioni.<\/li>\n<li>Evidenziare il pool di applicazioni per l&#8217;applicazione, quindi fare clic su Impostazioni avanzate &#8230; nel riquadro Azioni.<\/li>\n<li>Nella finestra di dialogo Impostazioni avanzate, specificare True per abilitare le applicazioni a 32 bit.<\/li>\n<li>Fare clic su OK per chiudere la finestra Impostazioni avanzate.<\/li>\n<\/ol>\n<p>Nota: Il\u00a0pannello di controllo a 64-bit per la gestione delle connessioni ODBC non visualizzer\u00e0 i driver ODBC a 32 bit. Per ovviare a questo problema, \u00e8 necessario aprire l&#8217;applet ODBC a 32 bit. Per fare ci\u00f2, attenersi alla seguente procedura:<\/p>\n<ol>\n<li>Fare clic su Start e poi Esegui, o aprire un prompt dei comandi.<\/li>\n<li>Immettere il seguente comando:<\/li>\n<li>\n<pre class=\"prettyprint prettyprinted\"><span class=\"pun\">%<\/span><span class=\"pln\">windir<\/span><span class=\"pun\">%<\/span><span class=\"pln\">\\syswow64\\odbcad32<\/span><span class=\"pun\">.<\/span><span class=\"pln\">exe<\/span><\/pre>\n<\/li>\n<li>Premere [INVIO].<\/li>\n<\/ol>\n<p><a href=\"http:\/\/www.caprioli.info\/portal\/?page_id=1192\">TORNA INDIETRO<\/a><\/p>\n","protected":false},"excerpt":{"rendered":"<p>TORNA INDIETRO TESTO TRADOTTO Nota: i database Microsoft Access sono stati popolari per molti anni con gli sviluppatori che utilizzano Active Server per applicazioni su piccola scala Pages (ASP), ma database di Microsoft Access non sono progettati per la scalabilit\u00e0, [&hellip;]<\/p>\n","protected":false},"author":1,"featured_media":0,"parent":0,"menu_order":0,"comment_status":"closed","ping_status":"closed","template":"template-fullwidth.php","meta":{"footnotes":""},"yoast_head":"<!-- This site is optimized with the Yoast SEO plugin v21.7 - https:\/\/yoast.com\/wordpress\/plugins\/seo\/ -->\r\n<title>Microsoft JET Database Engine error &#039;80004005&#039; - caprioli.info<\/title>\r\n<meta name=\"robots\" content=\"index, follow, max-snippet:-1, max-image-preview:large, max-video-preview:-1\" \/>\r\n<link rel=\"canonical\" href=\"https:\/\/www.caprioli.info\/portal\/?page_id=1236\" \/>\r\n<meta property=\"og:locale\" content=\"it_IT\" \/>\r\n<meta property=\"og:type\" content=\"article\" \/>\r\n<meta property=\"og:title\" content=\"Microsoft JET Database Engine error &#039;80004005&#039; - caprioli.info\" \/>\r\n<meta property=\"og:description\" content=\"TORNA INDIETRO TESTO TRADOTTO Nota: i database Microsoft Access sono stati popolari per molti anni con gli sviluppatori che utilizzano Active Server per applicazioni su piccola scala Pages (ASP), ma database di Microsoft Access non sono progettati per la scalabilit\u00e0, [&hellip;]\" \/>\r\n<meta property=\"og:url\" content=\"https:\/\/www.caprioli.info\/portal\/?page_id=1236\" \/>\r\n<meta property=\"og:site_name\" content=\"caprioli.info\" \/>\r\n<meta property=\"article:modified_time\" content=\"2016-10-22T18:54:24+00:00\" \/>\r\n<meta property=\"og:image\" content=\"http:\/\/www.caprioli.info\/portal\/wp-content\/uploads\/2016\/08\/Immagine-300x231.jpg\" \/>\r\n<meta name=\"twitter:card\" content=\"summary_large_image\" \/>\r\n<meta name=\"twitter:label1\" content=\"Tempo di lettura stimato\" \/>\n\t<meta name=\"twitter:data1\" content=\"2 minuti\" \/>\r\n<script type=\"application\/ld+json\" class=\"yoast-schema-graph\">{\"@context\":\"https:\/\/schema.org\",\"@graph\":[{\"@type\":\"WebPage\",\"@id\":\"https:\/\/www.caprioli.info\/portal\/?page_id=1236\",\"url\":\"https:\/\/www.caprioli.info\/portal\/?page_id=1236\",\"name\":\"Microsoft JET Database Engine error '80004005' - caprioli.info\",\"isPartOf\":{\"@id\":\"https:\/\/www.caprioli.info\/portal\/#website\"},\"datePublished\":\"2016-08-15T15:55:38+00:00\",\"dateModified\":\"2016-10-22T18:54:24+00:00\",\"breadcrumb\":{\"@id\":\"https:\/\/www.caprioli.info\/portal\/?page_id=1236#breadcrumb\"},\"inLanguage\":\"it-IT\",\"potentialAction\":[{\"@type\":\"ReadAction\",\"target\":[\"https:\/\/www.caprioli.info\/portal\/?page_id=1236\"]}]},{\"@type\":\"BreadcrumbList\",\"@id\":\"https:\/\/www.caprioli.info\/portal\/?page_id=1236#breadcrumb\",\"itemListElement\":[{\"@type\":\"ListItem\",\"position\":1,\"name\":\"Home\",\"item\":\"https:\/\/www.caprioli.info\/portal\/\"},{\"@type\":\"ListItem\",\"position\":2,\"name\":\"Microsoft JET Database Engine error &#8216;80004005&#8217;\"}]},{\"@type\":\"WebSite\",\"@id\":\"https:\/\/www.caprioli.info\/portal\/#website\",\"url\":\"https:\/\/www.caprioli.info\/portal\/\",\"name\":\"caprioli.info\",\"description\":\"Cerca che trovi\",\"alternateName\":\"Caprioli - Cerca che trovi\",\"potentialAction\":[{\"@type\":\"SearchAction\",\"target\":{\"@type\":\"EntryPoint\",\"urlTemplate\":\"https:\/\/www.caprioli.info\/portal\/?s={search_term_string}\"},\"query-input\":\"required name=search_term_string\"}],\"inLanguage\":\"it-IT\"}]}<\/script>\r\n<!-- \/ Yoast SEO plugin. -->","yoast_head_json":{"title":"Microsoft JET Database Engine error '80004005' - caprioli.info","robots":{"index":"index","follow":"follow","max-snippet":"max-snippet:-1","max-image-preview":"max-image-preview:large","max-video-preview":"max-video-preview:-1"},"canonical":"https:\/\/www.caprioli.info\/portal\/?page_id=1236","og_locale":"it_IT","og_type":"article","og_title":"Microsoft JET Database Engine error '80004005' - caprioli.info","og_description":"TORNA INDIETRO TESTO TRADOTTO Nota: i database Microsoft Access sono stati popolari per molti anni con gli sviluppatori che utilizzano Active Server per applicazioni su piccola scala Pages (ASP), ma database di Microsoft Access non sono progettati per la scalabilit\u00e0, [&hellip;]","og_url":"https:\/\/www.caprioli.info\/portal\/?page_id=1236","og_site_name":"caprioli.info","article_modified_time":"2016-10-22T18:54:24+00:00","og_image":[{"url":"http:\/\/www.caprioli.info\/portal\/wp-content\/uploads\/2016\/08\/Immagine-300x231.jpg"}],"twitter_card":"summary_large_image","twitter_misc":{"Tempo di lettura stimato":"2 minuti"},"schema":{"@context":"https:\/\/schema.org","@graph":[{"@type":"WebPage","@id":"https:\/\/www.caprioli.info\/portal\/?page_id=1236","url":"https:\/\/www.caprioli.info\/portal\/?page_id=1236","name":"Microsoft JET Database Engine error '80004005' - caprioli.info","isPartOf":{"@id":"https:\/\/www.caprioli.info\/portal\/#website"},"datePublished":"2016-08-15T15:55:38+00:00","dateModified":"2016-10-22T18:54:24+00:00","breadcrumb":{"@id":"https:\/\/www.caprioli.info\/portal\/?page_id=1236#breadcrumb"},"inLanguage":"it-IT","potentialAction":[{"@type":"ReadAction","target":["https:\/\/www.caprioli.info\/portal\/?page_id=1236"]}]},{"@type":"BreadcrumbList","@id":"https:\/\/www.caprioli.info\/portal\/?page_id=1236#breadcrumb","itemListElement":[{"@type":"ListItem","position":1,"name":"Home","item":"https:\/\/www.caprioli.info\/portal\/"},{"@type":"ListItem","position":2,"name":"Microsoft JET Database Engine error &#8216;80004005&#8217;"}]},{"@type":"WebSite","@id":"https:\/\/www.caprioli.info\/portal\/#website","url":"https:\/\/www.caprioli.info\/portal\/","name":"caprioli.info","description":"Cerca che trovi","alternateName":"Caprioli - Cerca che trovi","potentialAction":[{"@type":"SearchAction","target":{"@type":"EntryPoint","urlTemplate":"https:\/\/www.caprioli.info\/portal\/?s={search_term_string}"},"query-input":"required name=search_term_string"}],"inLanguage":"it-IT"}]}},"_links":{"self":[{"href":"https:\/\/www.caprioli.info\/portal\/index.php?rest_route=\/wp\/v2\/pages\/1236"}],"collection":[{"href":"https:\/\/www.caprioli.info\/portal\/index.php?rest_route=\/wp\/v2\/pages"}],"about":[{"href":"https:\/\/www.caprioli.info\/portal\/index.php?rest_route=\/wp\/v2\/types\/page"}],"author":[{"embeddable":true,"href":"https:\/\/www.caprioli.info\/portal\/index.php?rest_route=\/wp\/v2\/users\/1"}],"replies":[{"embeddable":true,"href":"https:\/\/www.caprioli.info\/portal\/index.php?rest_route=%2Fwp%2Fv2%2Fcomments&post=1236"}],"version-history":[{"count":7,"href":"https:\/\/www.caprioli.info\/portal\/index.php?rest_route=\/wp\/v2\/pages\/1236\/revisions"}],"predecessor-version":[{"id":1298,"href":"https:\/\/www.caprioli.info\/portal\/index.php?rest_route=\/wp\/v2\/pages\/1236\/revisions\/1298"}],"wp:attachment":[{"href":"https:\/\/www.caprioli.info\/portal\/index.php?rest_route=%2Fwp%2Fv2%2Fmedia&parent=1236"}],"curies":[{"name":"wp","href":"https:\/\/api.w.org\/{rel}","templated":true}]}}